{"id":822,"date":"2021-04-23T08:30:55","date_gmt":"2021-04-23T08:30:55","guid":{"rendered":"https:\/\/legna.com.mx\/?post_type=product&#038;p=822"},"modified":"2021-05-20T02:59:12","modified_gmt":"2021-05-20T02:59:12","slug":"copy-1-copy-copy-copy","status":"publish","type":"product","link":"https:\/\/legna.com.mx\/index.php\/product\/copy-1-copy-copy-copy\/","title":{"rendered":"Avant"},"content":{"rendered":"<p><span data-sheets-value=\"{&quot;1&quot;:2,&quot;2&quot;:&quot;Hidrolavadora  de agua caliente tiene una velocidad de limpieza en superficies de grasa y cochambre, reduce el uso de qu\u00edmicos y aumenta la efectividad. Cuenta con una v\u00e1lvula despresurizada del circuito de salida de alta presi\u00f3n para prevenir accidentes y un armaz\u00f3n de acero inoxidable para mayor resistencia y durabilidad.&quot;}\" data-sheets-userformat=\"{&quot;2&quot;:10689,&quot;3&quot;:{&quot;1&quot;:0,&quot;3&quot;:1},&quot;9&quot;:0,&quot;10&quot;:0,&quot;11&quot;:4,&quot;14&quot;:{&quot;1&quot;:3,&quot;3&quot;:1},&quot;16&quot;:12}\">Hidrolavadora de agua caliente tiene una velocidad de limpieza en superficies de grasa y cochambre, reduce el uso de qu\u00edmicos y aumenta la efectividad. Cuenta con una v\u00e1lvula despresurizada del circuito de salida de alta presi\u00f3n para prevenir accidentes y un armaz\u00f3n de acero inoxidable para mayor resistencia y durabilidad.<\/span><\/p>\n","protected":false},"excerpt":{"rendered":"<p><strong>Marca:<\/strong> Masisa.<\/p>\n","protected":false},"featured_media":424,"comment_status":"open","ping_status":"closed","template":"","meta":{"site-sidebar-layout":"default","site-content-layout":"default","ast-main-header-display":"","ast-hfb-above-header-display":"","ast-hfb-below-header-display":"","ast-hfb-mobile-header-display":"","site-post-title":"","ast-breadcrumbs-content":"","ast-featured-img":"","footer-sml-layout":"","theme-transparent-header-meta":"default","adv-header-id-meta":"","stick-header-meta":"default","header-above-stick-meta":"","header-main-stick-meta":"","header-below-stick-meta":""},"product_cat":[30],"product_tag":[],"class_list":["post-822","product","type-product","status-publish","has-post-thumbnail","hentry","product_cat-abrillantadoras","align-left","box-shadow-0","box-shadow-0-hover","ast-product-gallery-layout-horizontal","ast-product-gallery-with-no-image","ast-product-tabs-layout-horizontal"],"_links":{"self":[{"href":"https:\/\/legna.com.mx\/index.php\/wp-json\/wp\/v2\/product\/822","targetHints":{"allow":["GET"]}}],"collection":[{"href":"https:\/\/legna.com.mx\/index.php\/wp-json\/wp\/v2\/product"}],"about":[{"href":"https:\/\/legna.com.mx\/index.php\/wp-json\/wp\/v2\/types\/product"}],"replies":[{"embeddable":true,"href":"https:\/\/legna.com.mx\/index.php\/wp-json\/wp\/v2\/comments?post=822"}],"wp:featuredmedia":[{"embeddable":true,"href":"https:\/\/legna.com.mx\/index.php\/wp-json\/wp\/v2\/media\/424"}],"wp:attachment":[{"href":"https:\/\/legna.com.mx\/index.php\/wp-json\/wp\/v2\/media?parent=822"}],"wp:term":[{"taxonomy":"product_cat","embeddable":true,"href":"https:\/\/legna.com.mx\/index.php\/wp-json\/wp\/v2\/product_cat?post=822"},{"taxonomy":"product_tag","embeddable":true,"href":"https:\/\/legna.com.mx\/index.php\/wp-json\/wp\/v2\/product_tag?post=822"}],"curies":[{"name":"wp","href":"https:\/\/api.w.org\/{rel}","templated":true}]}}