{"id":809,"date":"2021-04-23T08:11:18","date_gmt":"2021-04-23T08:11:18","guid":{"rendered":"https:\/\/legna.com.mx\/?post_type=product&#038;p=809"},"modified":"2021-05-20T02:54:27","modified_gmt":"2021-05-20T02:54:27","slug":"dp-1334","status":"publish","type":"product","link":"https:\/\/legna.com.mx\/index.php\/product\/dp-1334\/","title":{"rendered":"DP-1334"},"content":{"rendered":"<p><span data-sheets-value=\"{&quot;1&quot;:2,&quot;2&quot;:&quot;Nuestra pulidora DP-1334 cuenta con un potente y silencioso motor triple planetario de 0.75 HP con 175 RPM con rodamientos lubricados de por vida para alto desempe\u00f1o y mayor poder de arrastre con disco de 13 \u00f3 14 pulgadas.   Ideal para:  Ba\u00f1os, escalones, cocinas, oficinas peque\u00f1as y \u00e1reas reducidas&quot;}\" data-sheets-userformat=\"{&quot;2&quot;:10689,&quot;3&quot;:{&quot;1&quot;:0,&quot;3&quot;:1},&quot;9&quot;:0,&quot;10&quot;:0,&quot;11&quot;:4,&quot;14&quot;:{&quot;1&quot;:3,&quot;3&quot;:1},&quot;16&quot;:12}\">Nuestra pulidora DP-1334 cuenta con un potente y silencioso motor triple planetario de 0.75 HP con 175 RPM con rodamientos lubricados de por vida para alto desempe\u00f1o y mayor poder de arrastre con disco de 13 \u00f3 14 pulgadas. Ideal para: Ba\u00f1os, escalones, cocinas, oficinas peque\u00f1as y \u00e1reas reducidas<\/span><\/p>\n","protected":false},"excerpt":{"rendered":"<p><strong>Marca:<\/strong> Masisa.<\/p>\n","protected":false},"featured_media":428,"comment_status":"open","ping_status":"closed","template":"","meta":{"site-sidebar-layout":"default","site-content-layout":"default","ast-main-header-display":"","ast-hfb-above-header-display":"","ast-hfb-below-header-display":"","ast-hfb-mobile-header-display":"","site-post-title":"","ast-breadcrumbs-content":"","ast-featured-img":"","footer-sml-layout":"","theme-transparent-header-meta":"default","adv-header-id-meta":"","stick-header-meta":"default","header-above-stick-meta":"","header-main-stick-meta":"","header-below-stick-meta":""},"product_cat":[30],"product_tag":[],"class_list":["post-809","product","type-product","status-publish","has-post-thumbnail","hentry","product_cat-abrillantadoras","align-left","box-shadow-0","box-shadow-0-hover","ast-product-gallery-layout-horizontal","ast-product-gallery-with-no-image","ast-product-tabs-layout-horizontal"],"_links":{"self":[{"href":"https:\/\/legna.com.mx\/index.php\/wp-json\/wp\/v2\/product\/809","targetHints":{"allow":["GET"]}}],"collection":[{"href":"https:\/\/legna.com.mx\/index.php\/wp-json\/wp\/v2\/product"}],"about":[{"href":"https:\/\/legna.com.mx\/index.php\/wp-json\/wp\/v2\/types\/product"}],"replies":[{"embeddable":true,"href":"https:\/\/legna.com.mx\/index.php\/wp-json\/wp\/v2\/comments?post=809"}],"wp:featuredmedia":[{"embeddable":true,"href":"https:\/\/legna.com.mx\/index.php\/wp-json\/wp\/v2\/media\/428"}],"wp:attachment":[{"href":"https:\/\/legna.com.mx\/index.php\/wp-json\/wp\/v2\/media?parent=809"}],"wp:term":[{"taxonomy":"product_cat","embeddable":true,"href":"https:\/\/legna.com.mx\/index.php\/wp-json\/wp\/v2\/product_cat?post=809"},{"taxonomy":"product_tag","embeddable":true,"href":"https:\/\/legna.com.mx\/index.php\/wp-json\/wp\/v2\/product_tag?post=809"}],"curies":[{"name":"wp","href":"https:\/\/api.w.org\/{rel}","templated":true}]}}