{"id":805,"date":"2021-04-23T08:02:43","date_gmt":"2021-04-23T08:02:43","guid":{"rendered":"https:\/\/legna.com.mx\/?post_type=product&#038;p=805"},"modified":"2021-05-20T02:54:28","modified_gmt":"2021-05-20T02:54:28","slug":"bp1400","status":"publish","type":"product","link":"https:\/\/legna.com.mx\/index.php\/product\/bp1400\/","title":{"rendered":"BP1400"},"content":{"rendered":"<p><span data-sheets-value=\"{&quot;1&quot;:2,&quot;2&quot;:&quot;La aspiradora BP1400 cuenta con un arnes de dise\u00f1o ergon\u00f3mico con 5 puntos de ajuste, creando un flujo de aire para mayor confort del usuario. Puede aspirar polvo y s\u00f3lidos. Est\u00e1 dise\u00f1ada para la limpieza en espacios reducidos y para trabajos de altura.&quot;}\" data-sheets-userformat=\"{&quot;2&quot;:10689,&quot;3&quot;:{&quot;1&quot;:0,&quot;3&quot;:1},&quot;9&quot;:0,&quot;10&quot;:0,&quot;11&quot;:4,&quot;14&quot;:{&quot;1&quot;:3,&quot;3&quot;:1},&quot;16&quot;:12}\" data-sheets-textstyleruns=\"{&quot;1&quot;:0}\uee10[null,44,[null,null,{&quot;1&quot;:3,&quot;3&quot;:1},&quot;Calibri&quot;,12,1]]\uee10[null,61,[null,null,{&quot;1&quot;:3,&quot;3&quot;:1},&quot;Calibri&quot;,12]]\uee10[null,179,[null,null,{&quot;1&quot;:3,&quot;3&quot;:1},&quot;Calibri&quot;,12,1]]\uee10[null,187,[null,null,{&quot;1&quot;:3,&quot;3&quot;:1},&quot;Calibri&quot;,12]]\uee10[null,207,[null,null,{&quot;1&quot;:3,&quot;3&quot;:1},&quot;Calibri&quot;,12,1]]\">La aspiradora BP1400 cuenta con un arnes de dise\u00f1o ergon\u00f3mico con 5 puntos de ajuste, creando un flujo de aire para mayor confort del usuario. Puede aspirar polvo y s\u00f3lidos. Est\u00e1 dise\u00f1ada para la limpieza en espacios reducidos y para trabajos de altura.<\/span><\/p>\n","protected":false},"excerpt":{"rendered":"<p><strong>Marca:<\/strong> Masisa.<\/p>\n","protected":false},"featured_media":385,"comment_status":"open","ping_status":"closed","template":"","meta":{"site-sidebar-layout":"default","site-content-layout":"default","ast-main-header-display":"","ast-hfb-above-header-display":"","ast-hfb-below-header-display":"","ast-hfb-mobile-header-display":"","site-post-title":"","ast-breadcrumbs-content":"","ast-featured-img":"","footer-sml-layout":"","theme-transparent-header-meta":"default","adv-header-id-meta":"","stick-header-meta":"default","header-above-stick-meta":"","header-main-stick-meta":"","header-below-stick-meta":""},"product_cat":[30],"product_tag":[],"class_list":["post-805","product","type-product","status-publish","has-post-thumbnail","hentry","product_cat-abrillantadoras","align-left","box-shadow-0","box-shadow-0-hover","ast-product-gallery-layout-horizontal","ast-product-gallery-with-no-image","ast-product-tabs-layout-horizontal"],"_links":{"self":[{"href":"https:\/\/legna.com.mx\/index.php\/wp-json\/wp\/v2\/product\/805","targetHints":{"allow":["GET"]}}],"collection":[{"href":"https:\/\/legna.com.mx\/index.php\/wp-json\/wp\/v2\/product"}],"about":[{"href":"https:\/\/legna.com.mx\/index.php\/wp-json\/wp\/v2\/types\/product"}],"replies":[{"embeddable":true,"href":"https:\/\/legna.com.mx\/index.php\/wp-json\/wp\/v2\/comments?post=805"}],"wp:featuredmedia":[{"embeddable":true,"href":"https:\/\/legna.com.mx\/index.php\/wp-json\/wp\/v2\/media\/385"}],"wp:attachment":[{"href":"https:\/\/legna.com.mx\/index.php\/wp-json\/wp\/v2\/media?parent=805"}],"wp:term":[{"taxonomy":"product_cat","embeddable":true,"href":"https:\/\/legna.com.mx\/index.php\/wp-json\/wp\/v2\/product_cat?post=805"},{"taxonomy":"product_tag","embeddable":true,"href":"https:\/\/legna.com.mx\/index.php\/wp-json\/wp\/v2\/product_tag?post=805"}],"curies":[{"name":"wp","href":"https:\/\/api.w.org\/{rel}","templated":true}]}}