{"id":690,"date":"2021-04-23T04:06:01","date_gmt":"2021-04-23T04:06:01","guid":{"rendered":"https:\/\/legna.com.mx\/?post_type=product&#038;p=690"},"modified":"2021-04-23T04:15:08","modified_gmt":"2021-04-23T04:15:08","slug":"basurero-cuadrado-pequeno_inoxidable","status":"publish","type":"product","link":"https:\/\/legna.com.mx\/index.php\/product\/basurero-cuadrado-pequeno_inoxidable\/","title":{"rendered":"Basurero cuadrado peque\u00f1o inoxidable"},"content":{"rendered":"<p><span data-sheets-value=\"{&quot;1&quot;:2,&quot;2&quot;:&quot;Basurero con protectores pl\u00e1sticos en FONDO y PARTE SUPERIOR. De f\u00e1cil manejo, econ\u00f3mico, y resistente a la corrosi\u00f3n. Indicado para usos m\u00faltiples: Interior, oficinas, despachos, consultas, etc&quot;}\" data-sheets-userformat=\"{&quot;2&quot;:10689,&quot;3&quot;:{&quot;1&quot;:0,&quot;3&quot;:1},&quot;9&quot;:0,&quot;10&quot;:0,&quot;11&quot;:4,&quot;14&quot;:{&quot;1&quot;:3,&quot;3&quot;:1},&quot;16&quot;:12}\">Basurero con protectores pl\u00e1sticos en FONDO y PARTE SUPERIOR. De f\u00e1cil manejo, econ\u00f3mico, y resistente a la corrosi\u00f3n. Indicado para usos m\u00faltiples: Interior, oficinas, despachos, consultas, etc<\/span><\/p>\n","protected":false},"excerpt":{"rendered":"<p><strong>Marca:\u00a0<\/strong>Jofel.<\/p>\n","protected":false},"featured_media":327,"comment_status":"open","ping_status":"closed","template":"","meta":{"site-sidebar-layout":"default","site-content-layout":"default","ast-main-header-display":"","ast-hfb-above-header-display":"","ast-hfb-below-header-display":"","ast-hfb-mobile-header-display":"","site-post-title":"","ast-breadcrumbs-content":"","ast-featured-img":"","footer-sml-layout":"","theme-transparent-header-meta":"default","adv-header-id-meta":"","stick-header-meta":"default","header-above-stick-meta":"","header-main-stick-meta":"","header-below-stick-meta":""},"product_cat":[24],"product_tag":[],"class_list":["post-690","product","type-product","status-publish","has-post-thumbnail","hentry","product_cat-metalicos","align-left","box-shadow-0","box-shadow-0-hover","ast-product-gallery-layout-horizontal","ast-product-gallery-with-no-image","ast-product-tabs-layout-horizontal"],"_links":{"self":[{"href":"https:\/\/legna.com.mx\/index.php\/wp-json\/wp\/v2\/product\/690","targetHints":{"allow":["GET"]}}],"collection":[{"href":"https:\/\/legna.com.mx\/index.php\/wp-json\/wp\/v2\/product"}],"about":[{"href":"https:\/\/legna.com.mx\/index.php\/wp-json\/wp\/v2\/types\/product"}],"replies":[{"embeddable":true,"href":"https:\/\/legna.com.mx\/index.php\/wp-json\/wp\/v2\/comments?post=690"}],"wp:featuredmedia":[{"embeddable":true,"href":"https:\/\/legna.com.mx\/index.php\/wp-json\/wp\/v2\/media\/327"}],"wp:attachment":[{"href":"https:\/\/legna.com.mx\/index.php\/wp-json\/wp\/v2\/media?parent=690"}],"wp:term":[{"taxonomy":"product_cat","embeddable":true,"href":"https:\/\/legna.com.mx\/index.php\/wp-json\/wp\/v2\/product_cat?post=690"},{"taxonomy":"product_tag","embeddable":true,"href":"https:\/\/legna.com.mx\/index.php\/wp-json\/wp\/v2\/product_tag?post=690"}],"curies":[{"name":"wp","href":"https:\/\/api.w.org\/{rel}","templated":true}]}}