{"id":1429,"date":"2022-01-13T18:02:52","date_gmt":"2022-01-13T18:02:52","guid":{"rendered":"https:\/\/legna.com.mx\/?post_type=product&#038;p=1429"},"modified":"2022-01-13T18:02:52","modified_gmt":"2022-01-13T18:02:52","slug":"despachador-higienico-jumbo-jr-marli","status":"publish","type":"product","link":"https:\/\/legna.com.mx\/index.php\/product\/despachador-higienico-jumbo-jr-marli\/","title":{"rendered":"Despachador Higi\u00e9nico Jumbo Jr. Marli\u00ae"},"content":{"rendered":"<p>Este Despachador de Higi\u00e9nico es la <strong>opci\u00f3n m\u00e1s inteligente para \u00e1reas de alto tr\u00e1fico.\u00a0<\/strong>Este\u00a0\u00a0<strong>sistema de dispensaci\u00f3n minimiza el riesgo de\u00a0contaminaci\u00f3n cruzada,\u00a0<\/strong>brindando instalaciones m\u00e1s higi\u00e9nicas.\u00a0Es\u00a0compacto y se adapta a espacios peque\u00f1os, f\u00e1cil de cargar y mantener\u00a0debido a su material resistente y durable. <strong>No se tiene que tocar ninguna palanca o superficie potencialmente contaminada.<\/strong> Optimizaci\u00f3n de espacio ya que es m\u00e1s compacto y est\u00e9tico y la imagen esta renovada por lo que dar\u00e1 un aspecto m\u00e1s moderno a las instalaciones.<\/p>\n","protected":false},"excerpt":{"rendered":"<p><strong>Marca<\/strong>: Kimberly-Clark, Marli\u00ae.<\/p>\n<p><strong>Estilo<\/strong>: Manual.<\/p>\n<p><strong>Color<\/strong>: Humo.<\/p>\n<p><strong>Consumibles<\/strong>:<\/p>\n<p>90531 Higi\u00e9nico Jumbo Marli\u00ae Jr.<\/p>\n<p>90509 Higi\u00e9nico Jumbo Marli\u00ae Jr., hoja doble.<\/p>\n<p>&nbsp;<\/p>\n<ul>\n<li>Ideal para usarse en restaurantes, gimnasios, oficinas, escuelas, hoteles, cafeter\u00edas y en general en cualquier negocio que requiera de higiene y seguridad para los usuarios.<\/li>\n<\/ul>\n","protected":false},"featured_media":1430,"comment_status":"open","ping_status":"closed","template":"","meta":{"site-sidebar-layout":"default","site-content-layout":"default","ast-main-header-display":"","ast-hfb-above-header-display":"","ast-hfb-below-header-display":"","ast-hfb-mobile-header-display":"","site-post-title":"","ast-breadcrumbs-content":"","ast-featured-img":"","footer-sml-layout":"","theme-transparent-header-meta":"default","adv-header-id-meta":"","stick-header-meta":"default","header-above-stick-meta":"","header-main-stick-meta":"","header-below-stick-meta":""},"product_cat":[25],"product_tag":[],"class_list":["post-1429","product","type-product","status-publish","has-post-thumbnail","hentry","product_cat-jabonera","align-left","box-shadow-0","box-shadow-0-hover","ast-product-gallery-layout-horizontal","ast-product-gallery-with-no-image","ast-product-tabs-layout-horizontal"],"_links":{"self":[{"href":"https:\/\/legna.com.mx\/index.php\/wp-json\/wp\/v2\/product\/1429","targetHints":{"allow":["GET"]}}],"collection":[{"href":"https:\/\/legna.com.mx\/index.php\/wp-json\/wp\/v2\/product"}],"about":[{"href":"https:\/\/legna.com.mx\/index.php\/wp-json\/wp\/v2\/types\/product"}],"replies":[{"embeddable":true,"href":"https:\/\/legna.com.mx\/index.php\/wp-json\/wp\/v2\/comments?post=1429"}],"wp:featuredmedia":[{"embeddable":true,"href":"https:\/\/legna.com.mx\/index.php\/wp-json\/wp\/v2\/media\/1430"}],"wp:attachment":[{"href":"https:\/\/legna.com.mx\/index.php\/wp-json\/wp\/v2\/media?parent=1429"}],"wp:term":[{"taxonomy":"product_cat","embeddable":true,"href":"https:\/\/legna.com.mx\/index.php\/wp-json\/wp\/v2\/product_cat?post=1429"},{"taxonomy":"product_tag","embeddable":true,"href":"https:\/\/legna.com.mx\/index.php\/wp-json\/wp\/v2\/product_tag?post=1429"}],"curies":[{"name":"wp","href":"https:\/\/api.w.org\/{rel}","templated":true}]}}