{"id":1423,"date":"2022-01-13T17:20:57","date_gmt":"2022-01-13T17:20:57","guid":{"rendered":"https:\/\/legna.com.mx\/?post_type=product&#038;p=1423"},"modified":"2022-01-13T17:20:58","modified_gmt":"2022-01-13T17:20:58","slug":"espuma-limpiadora-libre-enjuague-auto","status":"publish","type":"product","link":"https:\/\/legna.com.mx\/index.php\/product\/espuma-limpiadora-libre-enjuague-auto\/","title":{"rendered":"Espuma Limpiadora Libre Enjuague Auto."},"content":{"rendered":"<p>Los jabones y sanitizantes marca Kimberly-Clark est\u00e1n dise\u00f1ados no solamente para brindar una mejor higiene personal, sino para dar al usuario una experiencia diferente y \u00fanica en el proceso, logrando una completa satisfacci\u00f3n y una agradable sensaci\u00f3n de frescura en los usuarios. <strong>Son productos que se despachan en forma de espuma.<\/strong><\/p>\n","protected":false},"excerpt":{"rendered":"<p><strong>Marca<\/strong>: Kimberly-Clark\u00ae.<\/p>\n<p><strong>Presentaci\u00f3n<\/strong>: Cartucho.<\/p>\n<p><strong>Color<\/strong>: Transparente.<\/p>\n<p><strong>Aroma<\/strong>: Neutro.<\/p>\n<p><strong>Cantidad<\/strong>: 1,200 ml., por cartucho, 4 cartuchos por caja.<\/p>\n<p><strong>C\u00f3digo Compatible<\/strong>:<\/p>\n<p>92200 Jabonera Autom\u00e1tica Cartuchos 1,200 ml., Blanca.<\/p>\n<p>92211 Jabonera Autom\u00e1tica Cartuchos 1,200 ml., Negra.<\/p>\n<p>&nbsp;<\/p>\n<ul>\n<li>Consumo de 0.4 ml por cada disparo.<\/li>\n<li>Su formulaci\u00f3n es a base de alcohol et\u00edlico.<\/li>\n<li>No requiere enjuague.<\/li>\n<\/ul>\n<p>&nbsp;<\/p>\n","protected":false},"featured_media":1424,"comment_status":"open","ping_status":"closed","template":"","meta":{"site-sidebar-layout":"default","site-content-layout":"default","ast-main-header-display":"","ast-hfb-above-header-display":"","ast-hfb-below-header-display":"","ast-hfb-mobile-header-display":"","site-post-title":"","ast-breadcrumbs-content":"","ast-featured-img":"","footer-sml-layout":"","theme-transparent-header-meta":"default","adv-header-id-meta":"","stick-header-meta":"default","header-above-stick-meta":"","header-main-stick-meta":"","header-below-stick-meta":""},"product_cat":[27],"product_tag":[],"class_list":["post-1423","product","type-product","status-publish","has-post-thumbnail","hentry","product_cat-higienicos","align-left","box-shadow-0","box-shadow-0-hover","ast-product-gallery-layout-horizontal","ast-product-gallery-with-no-image","ast-product-tabs-layout-horizontal"],"_links":{"self":[{"href":"https:\/\/legna.com.mx\/index.php\/wp-json\/wp\/v2\/product\/1423","targetHints":{"allow":["GET"]}}],"collection":[{"href":"https:\/\/legna.com.mx\/index.php\/wp-json\/wp\/v2\/product"}],"about":[{"href":"https:\/\/legna.com.mx\/index.php\/wp-json\/wp\/v2\/types\/product"}],"replies":[{"embeddable":true,"href":"https:\/\/legna.com.mx\/index.php\/wp-json\/wp\/v2\/comments?post=1423"}],"wp:featuredmedia":[{"embeddable":true,"href":"https:\/\/legna.com.mx\/index.php\/wp-json\/wp\/v2\/media\/1424"}],"wp:attachment":[{"href":"https:\/\/legna.com.mx\/index.php\/wp-json\/wp\/v2\/media?parent=1423"}],"wp:term":[{"taxonomy":"product_cat","embeddable":true,"href":"https:\/\/legna.com.mx\/index.php\/wp-json\/wp\/v2\/product_cat?post=1423"},{"taxonomy":"product_tag","embeddable":true,"href":"https:\/\/legna.com.mx\/index.php\/wp-json\/wp\/v2\/product_tag?post=1423"}],"curies":[{"name":"wp","href":"https:\/\/api.w.org\/{rel}","templated":true}]}}