{"id":1415,"date":"2022-01-13T16:56:19","date_gmt":"2022-01-13T16:56:19","guid":{"rendered":"https:\/\/legna.com.mx\/?post_type=product&#038;p=1415"},"modified":"2022-01-13T16:57:37","modified_gmt":"2022-01-13T16:57:37","slug":"jabonera-manual-cartuchos-de-1100-ml-negra","status":"publish","type":"product","link":"https:\/\/legna.com.mx\/index.php\/product\/jabonera-manual-cartuchos-de-1100-ml-negra\/","title":{"rendered":"Jabonera Manual Cartuchos de 1,100 ml, Negra."},"content":{"rendered":"<p>La gran variedad de despachadores Kimberly-Clark\u00ae permite al usuario elegir la opci\u00f3n que le sea m\u00e1s favorable de acuerdo a sus necesidades y especificaciones, as\u00ed como al gusto y funcionalidad que est\u00e9 buscando lograr en cada uno de los lugares de trabajo.<\/p>\n","protected":false},"excerpt":{"rendered":"<p><strong>Marca<\/strong>: Kimberly-Clark\u00ae.<\/p>\n<p><strong>Estilo<\/strong>: Manual.<\/p>\n<p><strong>Color<\/strong>: Negra.<\/p>\n<p><strong>Tama\u00f1o:<\/strong>\u00a012.3 x 13 x 27.8 cm<\/p>\n<p><strong>Cantidad por Caja:<\/strong>\u00a01<\/p>\n<p><strong>Consumible<\/strong>:<\/p>\n<p>92509 Espuma Limpiadora Libre Enjuague.<\/p>\n<p>&nbsp;<\/p>\n<ul>\n<li>Fabricada en pl\u00e1stico ABS de alto impacto.<\/li>\n<li>Dise\u00f1o ergon\u00f3mico.<\/li>\n<li>Dispensado manual.<\/li>\n<\/ul>\n","protected":false},"featured_media":1417,"comment_status":"open","ping_status":"closed","template":"","meta":{"site-sidebar-layout":"default","site-content-layout":"default","ast-main-header-display":"","ast-hfb-above-header-display":"","ast-hfb-below-header-display":"","ast-hfb-mobile-header-display":"","site-post-title":"","ast-breadcrumbs-content":"","ast-featured-img":"","footer-sml-layout":"","theme-transparent-header-meta":"default","adv-header-id-meta":"","stick-header-meta":"default","header-above-stick-meta":"","header-main-stick-meta":"","header-below-stick-meta":""},"product_cat":[25],"product_tag":[],"class_list":["post-1415","product","type-product","status-publish","has-post-thumbnail","hentry","product_cat-jabonera","align-left","box-shadow-0","box-shadow-0-hover","ast-product-gallery-layout-horizontal","ast-product-gallery-with-no-image","ast-product-tabs-layout-horizontal"],"_links":{"self":[{"href":"https:\/\/legna.com.mx\/index.php\/wp-json\/wp\/v2\/product\/1415","targetHints":{"allow":["GET"]}}],"collection":[{"href":"https:\/\/legna.com.mx\/index.php\/wp-json\/wp\/v2\/product"}],"about":[{"href":"https:\/\/legna.com.mx\/index.php\/wp-json\/wp\/v2\/types\/product"}],"replies":[{"embeddable":true,"href":"https:\/\/legna.com.mx\/index.php\/wp-json\/wp\/v2\/comments?post=1415"}],"wp:featuredmedia":[{"embeddable":true,"href":"https:\/\/legna.com.mx\/index.php\/wp-json\/wp\/v2\/media\/1417"}],"wp:attachment":[{"href":"https:\/\/legna.com.mx\/index.php\/wp-json\/wp\/v2\/media?parent=1415"}],"wp:term":[{"taxonomy":"product_cat","embeddable":true,"href":"https:\/\/legna.com.mx\/index.php\/wp-json\/wp\/v2\/product_cat?post=1415"},{"taxonomy":"product_tag","embeddable":true,"href":"https:\/\/legna.com.mx\/index.php\/wp-json\/wp\/v2\/product_tag?post=1415"}],"curies":[{"name":"wp","href":"https:\/\/api.w.org\/{rel}","templated":true}]}}