{"id":1378,"date":"2021-11-26T23:00:50","date_gmt":"2021-11-26T23:00:50","guid":{"rendered":"https:\/\/legna.com.mx\/?post_type=product&#038;p=1378"},"modified":"2021-11-26T23:01:57","modified_gmt":"2021-11-26T23:01:57","slug":"kimtech-prep-kimtex-wipers-jumbo-roll","status":"publish","type":"product","link":"https:\/\/legna.com.mx\/index.php\/product\/kimtech-prep-kimtex-wipers-jumbo-roll\/","title":{"rendered":"Kimtech\u00ae  Prep Kimtex Wipers Jumbo Roll"},"content":{"rendered":"<p>Los pa\u00f1os Kimtech\u00ae Prep<strong> son pa\u00f1os de limpieza especializados que reemplazan trapos comunes, pa\u00f1os convencionales y estopas<\/strong> lo que ofrece un mejor mejor desempe\u00f1o y reducci\u00f3n de residuos en tareas de limpieza espec\u00edficas. Estos wipers han sido <strong>dise\u00f1ados con tecnolog\u00eda Meltblown<\/strong> enteramente en polipropileno, lo que le brinda sus caracter\u00edsticas especializadas.<\/p>\n","protected":false},"excerpt":{"rendered":"<p><strong>Marca<\/strong>: Kimberly-Clark, KIMTECH\u00ae .<\/p>\n<p><strong>Estilo:\u00a0<\/strong>Rollo<\/p>\n<p><strong>Cantidad<\/strong>: 717\u00a0 wipers por paquete.<\/p>\n<p><strong>Color<\/strong>: Azul.<\/p>\n<p><strong>Medidas<\/strong>: 34 x 24.4 cm.<\/p>\n<ul>\n<li>Resistente a sustancias qu\u00edmicas agresivas.<\/li>\n<li>Ideal en industria automotriz y artes gr\u00e1ficas.<\/li>\n<li>En superficies lisas no deja ning\u00fan tipo de residuo o pelusa.<\/li>\n<\/ul>\n","protected":false},"featured_media":1379,"comment_status":"open","ping_status":"closed","template":"","meta":{"site-sidebar-layout":"default","site-content-layout":"default","ast-main-header-display":"","ast-hfb-above-header-display":"","ast-hfb-below-header-display":"","ast-hfb-mobile-header-display":"","site-post-title":"","ast-breadcrumbs-content":"","ast-featured-img":"","footer-sml-layout":"","theme-transparent-header-meta":"default","adv-header-id-meta":"","stick-header-meta":"default","header-above-stick-meta":"","header-main-stick-meta":"","header-below-stick-meta":""},"product_cat":[27],"product_tag":[],"class_list":["post-1378","product","type-product","status-publish","has-post-thumbnail","hentry","product_cat-higienicos","align-left","box-shadow-0","box-shadow-0-hover","ast-product-gallery-layout-horizontal","ast-product-gallery-with-no-image","ast-product-tabs-layout-horizontal"],"_links":{"self":[{"href":"https:\/\/legna.com.mx\/index.php\/wp-json\/wp\/v2\/product\/1378","targetHints":{"allow":["GET"]}}],"collection":[{"href":"https:\/\/legna.com.mx\/index.php\/wp-json\/wp\/v2\/product"}],"about":[{"href":"https:\/\/legna.com.mx\/index.php\/wp-json\/wp\/v2\/types\/product"}],"replies":[{"embeddable":true,"href":"https:\/\/legna.com.mx\/index.php\/wp-json\/wp\/v2\/comments?post=1378"}],"wp:featuredmedia":[{"embeddable":true,"href":"https:\/\/legna.com.mx\/index.php\/wp-json\/wp\/v2\/media\/1379"}],"wp:attachment":[{"href":"https:\/\/legna.com.mx\/index.php\/wp-json\/wp\/v2\/media?parent=1378"}],"wp:term":[{"taxonomy":"product_cat","embeddable":true,"href":"https:\/\/legna.com.mx\/index.php\/wp-json\/wp\/v2\/product_cat?post=1378"},{"taxonomy":"product_tag","embeddable":true,"href":"https:\/\/legna.com.mx\/index.php\/wp-json\/wp\/v2\/product_tag?post=1378"}],"curies":[{"name":"wp","href":"https:\/\/api.w.org\/{rel}","templated":true}]}}