{"id":1350,"date":"2021-10-06T17:11:37","date_gmt":"2021-10-06T17:11:37","guid":{"rendered":"https:\/\/legna.com.mx\/?post_type=product&#038;p=1350"},"modified":"2021-10-06T17:11:37","modified_gmt":"2021-10-06T17:11:37","slug":"higienico-jumbo-marli-sr-360-m","status":"publish","type":"product","link":"https:\/\/legna.com.mx\/index.php\/product\/higienico-jumbo-marli-sr-360-m\/","title":{"rendered":"Higi\u00e9nico Jumbo Marli\u00ae Sr 360 m."},"content":{"rendered":"<p>Con gran variedad de metrajes, Marli\u00ae puede estar desde ba\u00f1os peque\u00f1os con poco tr\u00e1nsito hasta ba\u00f1os con alta demanda. Cada rollo cuenta con <strong>360 m., <\/strong>de largo fabricados con<strong> fibras recicladas y hoja doble<\/strong>, en color blanco.<\/p>\n","protected":false},"excerpt":{"rendered":"<p><strong>Marca<\/strong>: Kimberly-Clark, Marli\u00ae.<\/p>\n<p><strong>Cantidad<\/strong>: 360m., por rollo, 26 rollos por caja.<\/p>\n<p><strong>Color<\/strong>: Blanco<\/p>\n<ul>\n<li>100% de fibras recicladas<\/li>\n<li>Para ba\u00f1os de mediano tr\u00e1nsito<\/li>\n<li>Capacidad de desfibraci\u00f3n<\/li>\n<\/ul>\n","protected":false},"featured_media":1351,"comment_status":"open","ping_status":"closed","template":"","meta":{"site-sidebar-layout":"default","site-content-layout":"default","ast-main-header-display":"","ast-hfb-above-header-display":"","ast-hfb-below-header-display":"","ast-hfb-mobile-header-display":"","site-post-title":"","ast-breadcrumbs-content":"","ast-featured-img":"","footer-sml-layout":"","theme-transparent-header-meta":"default","adv-header-id-meta":"","stick-header-meta":"default","header-above-stick-meta":"","header-main-stick-meta":"","header-below-stick-meta":""},"product_cat":[27],"product_tag":[],"class_list":["post-1350","product","type-product","status-publish","has-post-thumbnail","hentry","product_cat-higienicos","align-left","box-shadow-0","box-shadow-0-hover","ast-product-gallery-layout-horizontal","ast-product-gallery-with-no-image","ast-product-tabs-layout-horizontal"],"_links":{"self":[{"href":"https:\/\/legna.com.mx\/index.php\/wp-json\/wp\/v2\/product\/1350","targetHints":{"allow":["GET"]}}],"collection":[{"href":"https:\/\/legna.com.mx\/index.php\/wp-json\/wp\/v2\/product"}],"about":[{"href":"https:\/\/legna.com.mx\/index.php\/wp-json\/wp\/v2\/types\/product"}],"replies":[{"embeddable":true,"href":"https:\/\/legna.com.mx\/index.php\/wp-json\/wp\/v2\/comments?post=1350"}],"wp:featuredmedia":[{"embeddable":true,"href":"https:\/\/legna.com.mx\/index.php\/wp-json\/wp\/v2\/media\/1351"}],"wp:attachment":[{"href":"https:\/\/legna.com.mx\/index.php\/wp-json\/wp\/v2\/media?parent=1350"}],"wp:term":[{"taxonomy":"product_cat","embeddable":true,"href":"https:\/\/legna.com.mx\/index.php\/wp-json\/wp\/v2\/product_cat?post=1350"},{"taxonomy":"product_tag","embeddable":true,"href":"https:\/\/legna.com.mx\/index.php\/wp-json\/wp\/v2\/product_tag?post=1350"}],"curies":[{"name":"wp","href":"https:\/\/api.w.org\/{rel}","templated":true}]}}