{"id":1342,"date":"2021-10-06T16:28:56","date_gmt":"2021-10-06T16:28:56","guid":{"rendered":"https:\/\/legna.com.mx\/?post_type=product&#038;p=1342"},"modified":"2021-10-06T16:28:57","modified_gmt":"2021-10-06T16:28:57","slug":"higienico-tradicional-marli-195-hjs","status":"publish","type":"product","link":"https:\/\/legna.com.mx\/index.php\/product\/higienico-tradicional-marli-195-hjs\/","title":{"rendered":"Higi\u00e9nico Tradicional Marli\u00ae 195 hjs."},"content":{"rendered":"<p>El objetivo de Marli\u00ae es ser la marca m\u00e1s competitiva del mercado, con <strong>productos funcionales a un excelente precio<\/strong>. Con <strong>gran variedad de metrajes,<\/strong> Marli\u00ae puede estar desde en ba\u00f1os peque\u00f1os hasta en ba\u00f1os de alta demanda.<\/p>\n","protected":false},"excerpt":{"rendered":"<p><strong>Marca<\/strong>: Kimberly-Clark, Marli\u00ae.<\/p>\n<p><strong>Estilo:<\/strong> Rollo<\/p>\n<p><strong>Cantidad<\/strong>: 195 hojas por rollo, 96 rollos por caja.<\/p>\n<p><strong>Color<\/strong>: Blanco<\/p>\n<ul>\n<li>Paquete de 4 rollos<\/li>\n<li>195 hojas por rollo<\/li>\n<li>Fabricado con 100% de fibras recicladas.<\/li>\n<\/ul>\n","protected":false},"featured_media":1343,"comment_status":"open","ping_status":"closed","template":"","meta":{"site-sidebar-layout":"default","site-content-layout":"default","ast-main-header-display":"","ast-hfb-above-header-display":"","ast-hfb-below-header-display":"","ast-hfb-mobile-header-display":"","site-post-title":"","ast-breadcrumbs-content":"","ast-featured-img":"","footer-sml-layout":"","theme-transparent-header-meta":"default","adv-header-id-meta":"","stick-header-meta":"default","header-above-stick-meta":"","header-main-stick-meta":"","header-below-stick-meta":""},"product_cat":[27],"product_tag":[],"class_list":["post-1342","product","type-product","status-publish","has-post-thumbnail","hentry","product_cat-higienicos","align-left","box-shadow-0","box-shadow-0-hover","ast-product-gallery-layout-horizontal","ast-product-gallery-with-no-image","ast-product-tabs-layout-horizontal"],"_links":{"self":[{"href":"https:\/\/legna.com.mx\/index.php\/wp-json\/wp\/v2\/product\/1342","targetHints":{"allow":["GET"]}}],"collection":[{"href":"https:\/\/legna.com.mx\/index.php\/wp-json\/wp\/v2\/product"}],"about":[{"href":"https:\/\/legna.com.mx\/index.php\/wp-json\/wp\/v2\/types\/product"}],"replies":[{"embeddable":true,"href":"https:\/\/legna.com.mx\/index.php\/wp-json\/wp\/v2\/comments?post=1342"}],"wp:featuredmedia":[{"embeddable":true,"href":"https:\/\/legna.com.mx\/index.php\/wp-json\/wp\/v2\/media\/1343"}],"wp:attachment":[{"href":"https:\/\/legna.com.mx\/index.php\/wp-json\/wp\/v2\/media?parent=1342"}],"wp:term":[{"taxonomy":"product_cat","embeddable":true,"href":"https:\/\/legna.com.mx\/index.php\/wp-json\/wp\/v2\/product_cat?post=1342"},{"taxonomy":"product_tag","embeddable":true,"href":"https:\/\/legna.com.mx\/index.php\/wp-json\/wp\/v2\/product_tag?post=1342"}],"curies":[{"name":"wp","href":"https:\/\/api.w.org\/{rel}","templated":true}]}}