{"id":1337,"date":"2021-10-06T16:15:22","date_gmt":"2021-10-06T16:15:22","guid":{"rendered":"https:\/\/legna.com.mx\/?post_type=product&#038;p=1337"},"modified":"2021-10-06T16:15:22","modified_gmt":"2021-10-06T16:15:22","slug":"servilleta-tradicional-kimlark","status":"publish","type":"product","link":"https:\/\/legna.com.mx\/index.php\/product\/servilleta-tradicional-kimlark\/","title":{"rendered":"Servilleta Tradicional Kimlark\u00ae"},"content":{"rendered":"<p>La servilleta tradicional Kimlark\u00ae es una<strong> servilleta multiusos<\/strong> para restaurantes, comedores industriales, hoteles y cafeter\u00edas. Su <strong>pr\u00e1ctica presentaci\u00f3n<\/strong> en bolsa facilita el uso del producto. <strong>Excelente resistencia y capacidad de absorci\u00f3n.<\/strong><\/p>\n","protected":false},"excerpt":{"rendered":"<p><strong>Marca<\/strong>: Kimberly-Clark, Kimlark\u00ae.<\/p>\n<p><strong>Cantidad<\/strong>: 500 servilletas por paquete, 12 paquetes por caja.<\/p>\n<p><strong>Color<\/strong>: Blanco<\/p>\n<ul>\n<li>500 servilletas por paquete<\/li>\n<li>Su grabado mejora el arrastre<\/li>\n<li>90% de fibras recicladas<\/li>\n<\/ul>\n","protected":false},"featured_media":1338,"comment_status":"open","ping_status":"closed","template":"","meta":{"site-sidebar-layout":"default","site-content-layout":"default","ast-main-header-display":"","ast-hfb-above-header-display":"","ast-hfb-below-header-display":"","ast-hfb-mobile-header-display":"","site-post-title":"","ast-breadcrumbs-content":"","ast-featured-img":"","footer-sml-layout":"","theme-transparent-header-meta":"default","adv-header-id-meta":"","stick-header-meta":"default","header-above-stick-meta":"","header-main-stick-meta":"","header-below-stick-meta":""},"product_cat":[27],"product_tag":[],"class_list":["post-1337","product","type-product","status-publish","has-post-thumbnail","hentry","product_cat-higienicos","align-left","box-shadow-0","box-shadow-0-hover","ast-product-gallery-layout-horizontal","ast-product-gallery-with-no-image","ast-product-tabs-layout-horizontal"],"_links":{"self":[{"href":"https:\/\/legna.com.mx\/index.php\/wp-json\/wp\/v2\/product\/1337","targetHints":{"allow":["GET"]}}],"collection":[{"href":"https:\/\/legna.com.mx\/index.php\/wp-json\/wp\/v2\/product"}],"about":[{"href":"https:\/\/legna.com.mx\/index.php\/wp-json\/wp\/v2\/types\/product"}],"replies":[{"embeddable":true,"href":"https:\/\/legna.com.mx\/index.php\/wp-json\/wp\/v2\/comments?post=1337"}],"wp:featuredmedia":[{"embeddable":true,"href":"https:\/\/legna.com.mx\/index.php\/wp-json\/wp\/v2\/media\/1338"}],"wp:attachment":[{"href":"https:\/\/legna.com.mx\/index.php\/wp-json\/wp\/v2\/media?parent=1337"}],"wp:term":[{"taxonomy":"product_cat","embeddable":true,"href":"https:\/\/legna.com.mx\/index.php\/wp-json\/wp\/v2\/product_cat?post=1337"},{"taxonomy":"product_tag","embeddable":true,"href":"https:\/\/legna.com.mx\/index.php\/wp-json\/wp\/v2\/product_tag?post=1337"}],"curies":[{"name":"wp","href":"https:\/\/api.w.org\/{rel}","templated":true}]}}