{"id":1303,"date":"2021-10-01T16:16:34","date_gmt":"2021-10-01T16:16:34","guid":{"rendered":"https:\/\/legna.com.mx\/?post_type=product&#038;p=1303"},"modified":"2021-10-01T16:16:35","modified_gmt":"2021-10-01T16:16:35","slug":"higienico-tradicional-cottonelle-bander-300-hjs","status":"publish","type":"product","link":"https:\/\/legna.com.mx\/index.php\/product\/higienico-tradicional-cottonelle-bander-300-hjs\/","title":{"rendered":"Higi\u00e9nico Tradicional Cottonelle\u00ae Bander, 300 hjs."},"content":{"rendered":"<p>Papel higi\u00e9nico tradicional de <strong>hoja sencilla<\/strong> fabricado con <strong>Tecnolog\u00eda TAD<\/strong> (Through air drying) que permite dise\u00f1ar art\u00edculos bastante m\u00e1s suaves, m\u00e1s voluminosos y tienen una mejor absorci\u00f3n que los papeles producidos de manera convencional.<\/p>\n","protected":false},"excerpt":{"rendered":"<p><strong>Marca<\/strong>: Kimberly-Clark, Cottonelle\u00ae .<\/p>\n<p><strong>Cantidad<\/strong>: 300 hojas por rollo, 96 rollos por caja.<\/p>\n<p><strong>Color<\/strong>: Blanco<\/p>\n","protected":false},"featured_media":1304,"comment_status":"open","ping_status":"closed","template":"","meta":{"site-sidebar-layout":"default","site-content-layout":"default","ast-main-header-display":"","ast-hfb-above-header-display":"","ast-hfb-below-header-display":"","ast-hfb-mobile-header-display":"","site-post-title":"","ast-breadcrumbs-content":"","ast-featured-img":"","footer-sml-layout":"","theme-transparent-header-meta":"default","adv-header-id-meta":"","stick-header-meta":"default","header-above-stick-meta":"","header-main-stick-meta":"","header-below-stick-meta":""},"product_cat":[27],"product_tag":[],"class_list":["post-1303","product","type-product","status-publish","has-post-thumbnail","hentry","product_cat-higienicos","align-left","box-shadow-0","box-shadow-0-hover","ast-product-gallery-layout-horizontal","ast-product-gallery-with-no-image","ast-product-tabs-layout-horizontal"],"_links":{"self":[{"href":"https:\/\/legna.com.mx\/index.php\/wp-json\/wp\/v2\/product\/1303","targetHints":{"allow":["GET"]}}],"collection":[{"href":"https:\/\/legna.com.mx\/index.php\/wp-json\/wp\/v2\/product"}],"about":[{"href":"https:\/\/legna.com.mx\/index.php\/wp-json\/wp\/v2\/types\/product"}],"replies":[{"embeddable":true,"href":"https:\/\/legna.com.mx\/index.php\/wp-json\/wp\/v2\/comments?post=1303"}],"wp:featuredmedia":[{"embeddable":true,"href":"https:\/\/legna.com.mx\/index.php\/wp-json\/wp\/v2\/media\/1304"}],"wp:attachment":[{"href":"https:\/\/legna.com.mx\/index.php\/wp-json\/wp\/v2\/media?parent=1303"}],"wp:term":[{"taxonomy":"product_cat","embeddable":true,"href":"https:\/\/legna.com.mx\/index.php\/wp-json\/wp\/v2\/product_cat?post=1303"},{"taxonomy":"product_tag","embeddable":true,"href":"https:\/\/legna.com.mx\/index.php\/wp-json\/wp\/v2\/product_tag?post=1303"}],"curies":[{"name":"wp","href":"https:\/\/api.w.org\/{rel}","templated":true}]}}