{"id":1240,"date":"2021-09-08T22:33:41","date_gmt":"2021-09-08T22:33:41","guid":{"rendered":"https:\/\/legna.com.mx\/?post_type=product&#038;p=1240"},"modified":"2021-09-08T23:13:18","modified_gmt":"2021-09-08T23:13:18","slug":"tork-despachador-jabon-liquido-spray-manual-negro","status":"publish","type":"product","link":"https:\/\/legna.com.mx\/index.php\/product\/tork-despachador-jabon-liquido-spray-manual-negro\/","title":{"rendered":"TORK Despachador Jab\u00f3n Liquido\/Spray Manual, Negro."},"content":{"rendered":"<div class=\"u-fontSize-14 ng-star-inserted\">El dispensador de <strong>jab\u00f3n en espray y l\u00edquido<\/strong> de la l\u00ednea Tork Elevation es adecuado para lugares con mucho tr\u00e1nsito. Puede utilizarse con una gran variedad de productos para el cuidado de la piel de Tork que vienen en envases cerrados. <em><strong>Cuenta con certificaci\u00f3n &#8220;Easy to Use&#8221; por la Asociaci\u00f3n Sueca de Reumatismo.<\/strong><\/em><\/div>\n<div class=\"my-2\"><\/div>\n","protected":false},"excerpt":{"rendered":"<p>&nbsp;<\/p>\n<p><strong>Marca<\/strong>: TORK<\/p>\n<p><strong>Estilo<\/strong>: L\u00edquido\/ Spray.<\/p>\n<p><strong>Color<\/strong>: Negro.<\/p>\n<p><strong>Consumible<\/strong>:<\/p>\n<p>700521 TORK Premium Jab\u00f3n L\u00edquido Suave para Manos.<\/p>\n<p>700522 TORK Premium Jab\u00f3n L\u00edquido Antibacterial.<\/p>\n<p>400013 TORK Premium Jab\u00f3n L\u00edquido para Cuerpo y Cabello.<\/p>\n<p>400016 TORK Premium Gel Antibacterial (70% alcohol en gel).<\/p>\n<p><img loading=\"lazy\" decoding=\"async\" class=\"ProductDetailData-certificates mx-2 ng-star-inserted\" title=\"F\u00e1cil de usar (Swedish Rheumatism Association): Pon la higiene a disposici\u00f3n de todos: muchos sistemas de higiene de Tork tienen la certificaci\u00f3n \u201cFacilidad de uso\u201d de la Asociaci\u00f3n Sueca de Reumatismo.\" src=\"https:\/\/tork-images.essity.com\/images-c5\/766\/347766\/optimized-AzurePNG2K\/easy-to-use-logo.png?w=300&amp;h=300&amp;imPolicy=dynamic\" alt=\"F\u00e1cil de usar (Swedish Rheumatism Association): Pon la higiene a disposici\u00f3n de todos: muchos sistemas de higiene de Tork tienen la certificaci\u00f3n \u201cFacilidad de uso\u201d de la Asociaci\u00f3n Sueca de Reumatismo.\" width=\"161\" height=\"137\" \/><\/p>\n","protected":false},"featured_media":1241,"comment_status":"open","ping_status":"closed","template":"","meta":{"site-sidebar-layout":"default","site-content-layout":"default","ast-main-header-display":"","ast-hfb-above-header-display":"","ast-hfb-below-header-display":"","ast-hfb-mobile-header-display":"","site-post-title":"","ast-breadcrumbs-content":"","ast-featured-img":"","footer-sml-layout":"","theme-transparent-header-meta":"default","adv-header-id-meta":"","stick-header-meta":"default","header-above-stick-meta":"","header-main-stick-meta":"","header-below-stick-meta":""},"product_cat":[25],"product_tag":[],"class_list":["post-1240","product","type-product","status-publish","has-post-thumbnail","hentry","product_cat-jabonera","align-left","box-shadow-0","box-shadow-0-hover","ast-product-gallery-layout-horizontal","ast-product-gallery-with-no-image","ast-product-tabs-layout-horizontal"],"_links":{"self":[{"href":"https:\/\/legna.com.mx\/index.php\/wp-json\/wp\/v2\/product\/1240","targetHints":{"allow":["GET"]}}],"collection":[{"href":"https:\/\/legna.com.mx\/index.php\/wp-json\/wp\/v2\/product"}],"about":[{"href":"https:\/\/legna.com.mx\/index.php\/wp-json\/wp\/v2\/types\/product"}],"replies":[{"embeddable":true,"href":"https:\/\/legna.com.mx\/index.php\/wp-json\/wp\/v2\/comments?post=1240"}],"wp:featuredmedia":[{"embeddable":true,"href":"https:\/\/legna.com.mx\/index.php\/wp-json\/wp\/v2\/media\/1241"}],"wp:attachment":[{"href":"https:\/\/legna.com.mx\/index.php\/wp-json\/wp\/v2\/media?parent=1240"}],"wp:term":[{"taxonomy":"product_cat","embeddable":true,"href":"https:\/\/legna.com.mx\/index.php\/wp-json\/wp\/v2\/product_cat?post=1240"},{"taxonomy":"product_tag","embeddable":true,"href":"https:\/\/legna.com.mx\/index.php\/wp-json\/wp\/v2\/product_tag?post=1240"}],"curies":[{"name":"wp","href":"https:\/\/api.w.org\/{rel}","templated":true}]}}