{"id":1235,"date":"2021-09-08T22:03:08","date_gmt":"2021-09-08T22:03:08","guid":{"rendered":"https:\/\/legna.com.mx\/?post_type=product&#038;p=1235"},"modified":"2021-09-08T22:03:08","modified_gmt":"2021-09-08T22:03:08","slug":"tork-premium-gel-antibacterial-70-alcohol-en-gel-2","status":"publish","type":"product","link":"https:\/\/legna.com.mx\/index.php\/product\/tork-premium-gel-antibacterial-70-alcohol-en-gel-2\/","title":{"rendered":"TORK Premium Gel Antibacterial (70% alcohol en gel)."},"content":{"rendered":"<p>Con una<strong> concentraci\u00f3n de alcohol al 70% v \/ v<\/strong> el sanitizante de manos en gel de Tork es un complemento para una higiene m\u00e1s eficiente,<strong> desinfectando las manos r\u00e1pidamente sin agua.<\/strong> Perfecto para entornos de atenci\u00f3n m\u00e9dica y \u00e1reas de preparaci\u00f3n de alimentos.<\/p>\n","protected":false},"excerpt":{"rendered":"<p><strong>Marca<\/strong>: TORK<\/p>\n<p><strong>Estilo<\/strong>: Gel.<\/p>\n<p><strong>Color<\/strong>: Incoloro.<\/p>\n<p>&nbsp;<\/p>\n","protected":false},"featured_media":1236,"comment_status":"open","ping_status":"closed","template":"","meta":{"site-sidebar-layout":"default","site-content-layout":"default","ast-main-header-display":"","ast-hfb-above-header-display":"","ast-hfb-below-header-display":"","ast-hfb-mobile-header-display":"","site-post-title":"","ast-breadcrumbs-content":"","ast-featured-img":"","footer-sml-layout":"","theme-transparent-header-meta":"default","adv-header-id-meta":"","stick-header-meta":"default","header-above-stick-meta":"","header-main-stick-meta":"","header-below-stick-meta":""},"product_cat":[27],"product_tag":[],"class_list":["post-1235","product","type-product","status-publish","has-post-thumbnail","hentry","product_cat-higienicos","align-left","box-shadow-0","box-shadow-0-hover","ast-product-gallery-layout-horizontal","ast-product-gallery-with-no-image","ast-product-tabs-layout-horizontal"],"_links":{"self":[{"href":"https:\/\/legna.com.mx\/index.php\/wp-json\/wp\/v2\/product\/1235","targetHints":{"allow":["GET"]}}],"collection":[{"href":"https:\/\/legna.com.mx\/index.php\/wp-json\/wp\/v2\/product"}],"about":[{"href":"https:\/\/legna.com.mx\/index.php\/wp-json\/wp\/v2\/types\/product"}],"replies":[{"embeddable":true,"href":"https:\/\/legna.com.mx\/index.php\/wp-json\/wp\/v2\/comments?post=1235"}],"wp:featuredmedia":[{"embeddable":true,"href":"https:\/\/legna.com.mx\/index.php\/wp-json\/wp\/v2\/media\/1236"}],"wp:attachment":[{"href":"https:\/\/legna.com.mx\/index.php\/wp-json\/wp\/v2\/media?parent=1235"}],"wp:term":[{"taxonomy":"product_cat","embeddable":true,"href":"https:\/\/legna.com.mx\/index.php\/wp-json\/wp\/v2\/product_cat?post=1235"},{"taxonomy":"product_tag","embeddable":true,"href":"https:\/\/legna.com.mx\/index.php\/wp-json\/wp\/v2\/product_tag?post=1235"}],"curies":[{"name":"wp","href":"https:\/\/api.w.org\/{rel}","templated":true}]}}