{"id":1233,"date":"2021-09-08T21:57:21","date_gmt":"2021-09-08T21:57:21","guid":{"rendered":"https:\/\/legna.com.mx\/?post_type=product&#038;p=1233"},"modified":"2021-09-08T21:57:21","modified_gmt":"2021-09-08T21:57:21","slug":"tork-despachador-jabon-espuma-manual-acero-inox","status":"publish","type":"product","link":"https:\/\/legna.com.mx\/index.php\/product\/tork-despachador-jabon-espuma-manual-acero-inox\/","title":{"rendered":"TORK Despachador Jab\u00f3n Espuma Manual, Acero Inox."},"content":{"rendered":"<p>Con un dise\u00f1o moderno, de superficies lisas y l\u00edneas n\u00edtidas, el despachador de jab\u00f3n TORK causar\u00e1 una buena impresi\u00f3n a sus clientes, resaltando la imagen de sus instalaciones. Cuenta con recubrimiento antihuellas que da un<strong> aspecto elegante y siempre limpio.<\/strong><\/p>\n<p>&nbsp;<\/p>\n","protected":false},"excerpt":{"rendered":"<p><strong>Marca<\/strong>: TORK<\/p>\n[caption id=\"\" align=\"alignright\" width=\"198\"]<img loading=\"lazy\" decoding=\"async\" src=\"https:\/\/tork-images.essity.com\/images-c5\/766\/347766\/optimized-AzurePNG2K\/easy-to-use-logo.png?w=300&amp;h=300&amp;imPolicy=dynamic\" alt=\"F\u00e1cil de usar (SRA) Higiene accesible para todos: muchos sistemas de higiene de Tork fueron certificados \u201cF\u00e1cil de usar\u201d por la Asociaci\u00f3n Sueca de Reumatismo (Swedish Rheumatism Association, SRA).\" width=\"198\" height=\"169\" \/> Asociaci\u00f3n Sueca de Reumatismo.[\/caption]\n<p><strong>Estilo<\/strong>: Manual.<\/p>\n<p><strong>Color<\/strong>: Acero inoxidable.<\/p>\n<p><strong>Consumible<\/strong>:<\/p>\n<p>401211 TORK Premium Jab\u00f3n Espuma Suave para Manos.<\/p>\n","protected":false},"featured_media":1234,"comment_status":"open","ping_status":"closed","template":"","meta":{"site-sidebar-layout":"default","site-content-layout":"default","ast-main-header-display":"","ast-hfb-above-header-display":"","ast-hfb-below-header-display":"","ast-hfb-mobile-header-display":"","site-post-title":"","ast-breadcrumbs-content":"","ast-featured-img":"","footer-sml-layout":"","theme-transparent-header-meta":"default","adv-header-id-meta":"","stick-header-meta":"default","header-above-stick-meta":"","header-main-stick-meta":"","header-below-stick-meta":""},"product_cat":[25],"product_tag":[],"class_list":["post-1233","product","type-product","status-publish","has-post-thumbnail","hentry","product_cat-jabonera","align-left","box-shadow-0","box-shadow-0-hover","ast-product-gallery-layout-horizontal","ast-product-gallery-with-no-image","ast-product-tabs-layout-horizontal"],"_links":{"self":[{"href":"https:\/\/legna.com.mx\/index.php\/wp-json\/wp\/v2\/product\/1233","targetHints":{"allow":["GET"]}}],"collection":[{"href":"https:\/\/legna.com.mx\/index.php\/wp-json\/wp\/v2\/product"}],"about":[{"href":"https:\/\/legna.com.mx\/index.php\/wp-json\/wp\/v2\/types\/product"}],"replies":[{"embeddable":true,"href":"https:\/\/legna.com.mx\/index.php\/wp-json\/wp\/v2\/comments?post=1233"}],"wp:featuredmedia":[{"embeddable":true,"href":"https:\/\/legna.com.mx\/index.php\/wp-json\/wp\/v2\/media\/1234"}],"wp:attachment":[{"href":"https:\/\/legna.com.mx\/index.php\/wp-json\/wp\/v2\/media?parent=1233"}],"wp:term":[{"taxonomy":"product_cat","embeddable":true,"href":"https:\/\/legna.com.mx\/index.php\/wp-json\/wp\/v2\/product_cat?post=1233"},{"taxonomy":"product_tag","embeddable":true,"href":"https:\/\/legna.com.mx\/index.php\/wp-json\/wp\/v2\/product_tag?post=1233"}],"curies":[{"name":"wp","href":"https:\/\/api.w.org\/{rel}","templated":true}]}}