{"id":1230,"date":"2021-09-08T21:47:46","date_gmt":"2021-09-08T21:47:46","guid":{"rendered":"https:\/\/legna.com.mx\/?post_type=product&#038;p=1230"},"modified":"2021-09-08T21:47:46","modified_gmt":"2021-09-08T21:47:46","slug":"tork-despachador-jabon-espuma-electronico-acero-inox","status":"publish","type":"product","link":"https:\/\/legna.com.mx\/index.php\/product\/tork-despachador-jabon-espuma-electronico-acero-inox\/","title":{"rendered":"TORK Despachador Jab\u00f3n Espuma Electr\u00f3nico, Acero Inox."},"content":{"rendered":"<div class=\"u-fontSize-14 ng-star-inserted\">\n<p>El despachador TORK de jab\u00f3n en espuma, te ayudar\u00e1 a causar una <strong>buena impresi\u00f3n a tus clientes<\/strong> gracias a su<strong> dise\u00f1o moderno en acero inoxidable<\/strong>, que cuenta con<strong> recubrimiento antihuellas<\/strong> dando un aspecto elegante y siempre limpio.<\/p>\n<\/div>\n<div class=\"my-2\">\n<div class=\"mceTemp\"><\/div>\n<div class=\"mceTemp\"><\/div>\n<\/div>\n","protected":false},"excerpt":{"rendered":"<p><strong>Marca<\/strong>: TORK<\/p>\n<p><strong>Estilo<\/strong>: Autom\u00e1tico, sensor.<\/p>\n<p><strong>Color<\/strong>: Blanco<\/p>\n<p><strong>Consumible<\/strong>:<\/p>\n<p>401211 TORK Premium Jab\u00f3n Espuma Suave para Manos.<\/p>\n[caption id=\"\" align=\"alignleft\" width=\"112\"]<img loading=\"lazy\" decoding=\"async\" class=\"ProductDetailData-certificates mx-2 ng-star-inserted\" title=\"F\u00e1cil de usar (Swedish Rheumatism Association): Pon la higiene a disposici\u00f3n de todos: muchos sistemas de higiene de Tork tienen la certificaci\u00f3n \u201cFacilidad de uso\u201d de la Asociaci\u00f3n Sueca de Reumatismo.\" src=\"https:\/\/tork-images.essity.com\/images-c5\/766\/347766\/optimized-AzurePNG2K\/easy-to-use-logo.png?w=300&amp;h=300&amp;imPolicy=dynamic\" alt=\"F\u00e1cil de usar (Swedish Rheumatism Association): Pon la higiene a disposici\u00f3n de todos: muchos sistemas de higiene de Tork tienen la certificaci\u00f3n \u201cFacilidad de uso\u201d de la Asociaci\u00f3n Sueca de Reumatismo.\" width=\"112\" height=\"96\" \/> Asociaci\u00f3n Sueca de Reumatismo[\/caption]\n[caption id=\"\" align=\"alignleft\" width=\"82\"]<img loading=\"lazy\" decoding=\"async\" class=\"\" src=\"https:\/\/tork-images.essity.com\/images-c5\/416\/97416\/optimized-AzurePNG2K\/97416.png?w=100&amp;h=100&amp;imPolicy=dynamic\" alt=\"Easy Cube\" width=\"82\" height=\"82\" \/> Tecnolog\u00eda Easy Cube[\/caption]\n","protected":false},"featured_media":1232,"comment_status":"open","ping_status":"closed","template":"","meta":{"site-sidebar-layout":"default","site-content-layout":"default","ast-main-header-display":"","ast-hfb-above-header-display":"","ast-hfb-below-header-display":"","ast-hfb-mobile-header-display":"","site-post-title":"","ast-breadcrumbs-content":"","ast-featured-img":"","footer-sml-layout":"","theme-transparent-header-meta":"default","adv-header-id-meta":"","stick-header-meta":"default","header-above-stick-meta":"","header-main-stick-meta":"","header-below-stick-meta":""},"product_cat":[25],"product_tag":[],"class_list":["post-1230","product","type-product","status-publish","has-post-thumbnail","hentry","product_cat-jabonera","align-left","box-shadow-0","box-shadow-0-hover","ast-product-gallery-layout-horizontal","ast-product-tabs-layout-horizontal"],"_links":{"self":[{"href":"https:\/\/legna.com.mx\/index.php\/wp-json\/wp\/v2\/product\/1230","targetHints":{"allow":["GET"]}}],"collection":[{"href":"https:\/\/legna.com.mx\/index.php\/wp-json\/wp\/v2\/product"}],"about":[{"href":"https:\/\/legna.com.mx\/index.php\/wp-json\/wp\/v2\/types\/product"}],"replies":[{"embeddable":true,"href":"https:\/\/legna.com.mx\/index.php\/wp-json\/wp\/v2\/comments?post=1230"}],"wp:featuredmedia":[{"embeddable":true,"href":"https:\/\/legna.com.mx\/index.php\/wp-json\/wp\/v2\/media\/1232"}],"wp:attachment":[{"href":"https:\/\/legna.com.mx\/index.php\/wp-json\/wp\/v2\/media?parent=1230"}],"wp:term":[{"taxonomy":"product_cat","embeddable":true,"href":"https:\/\/legna.com.mx\/index.php\/wp-json\/wp\/v2\/product_cat?post=1230"},{"taxonomy":"product_tag","embeddable":true,"href":"https:\/\/legna.com.mx\/index.php\/wp-json\/wp\/v2\/product_tag?post=1230"}],"curies":[{"name":"wp","href":"https:\/\/api.w.org\/{rel}","templated":true}]}}