{"id":1203,"date":"2021-09-06T18:03:51","date_gmt":"2021-09-06T18:03:51","guid":{"rendered":"https:\/\/legna.com.mx\/?post_type=product&#038;p=1203"},"modified":"2021-09-06T18:03:51","modified_gmt":"2021-09-06T18:03:51","slug":"tork-despachador-jabon-espuma-manual-blanco","status":"publish","type":"product","link":"https:\/\/legna.com.mx\/index.php\/product\/tork-despachador-jabon-espuma-manual-blanco\/","title":{"rendered":"TORK Despachador Jab\u00f3n Espuma Manual, Blanco."},"content":{"rendered":"<p>La<strong> jabonera manual<\/strong> para <strong>jab\u00f3n en espuma<\/strong> de la l\u00ednea Elevation, tiene un dise\u00f1o moderno y funcional y es ideal para cualquier tipo de ba\u00f1o. El dispensador de jab\u00f3n en espuma <strong>ofrece mayor sensaci\u00f3n de producto<\/strong> en la mano, <strong>reduciendo el consumo de jab\u00f3n y agua.<\/strong><\/p>\n","protected":false},"excerpt":{"rendered":"<p><strong>Marca<\/strong>: TORK<\/p>\n<p><strong>Estilo<\/strong>: Manual, espuma.<\/p>\n<p><strong>Color<\/strong>: Blanco<\/p>\n<p><strong>Consumible<\/strong>:<\/p>\n<p>401211 TORK Premium Jab\u00f3n Espuma Suave para Manos.<\/p>\n","protected":false},"featured_media":1205,"comment_status":"open","ping_status":"closed","template":"","meta":{"site-sidebar-layout":"default","site-content-layout":"default","ast-main-header-display":"","ast-hfb-above-header-display":"","ast-hfb-below-header-display":"","ast-hfb-mobile-header-display":"","site-post-title":"","ast-breadcrumbs-content":"","ast-featured-img":"","footer-sml-layout":"","theme-transparent-header-meta":"default","adv-header-id-meta":"","stick-header-meta":"default","header-above-stick-meta":"","header-main-stick-meta":"","header-below-stick-meta":""},"product_cat":[25],"product_tag":[],"class_list":["post-1203","product","type-product","status-publish","has-post-thumbnail","hentry","product_cat-jabonera","align-left","box-shadow-0","box-shadow-0-hover","ast-product-gallery-layout-horizontal","ast-product-gallery-with-no-image","ast-product-tabs-layout-horizontal"],"_links":{"self":[{"href":"https:\/\/legna.com.mx\/index.php\/wp-json\/wp\/v2\/product\/1203","targetHints":{"allow":["GET"]}}],"collection":[{"href":"https:\/\/legna.com.mx\/index.php\/wp-json\/wp\/v2\/product"}],"about":[{"href":"https:\/\/legna.com.mx\/index.php\/wp-json\/wp\/v2\/types\/product"}],"replies":[{"embeddable":true,"href":"https:\/\/legna.com.mx\/index.php\/wp-json\/wp\/v2\/comments?post=1203"}],"wp:featuredmedia":[{"embeddable":true,"href":"https:\/\/legna.com.mx\/index.php\/wp-json\/wp\/v2\/media\/1205"}],"wp:attachment":[{"href":"https:\/\/legna.com.mx\/index.php\/wp-json\/wp\/v2\/media?parent=1203"}],"wp:term":[{"taxonomy":"product_cat","embeddable":true,"href":"https:\/\/legna.com.mx\/index.php\/wp-json\/wp\/v2\/product_cat?post=1203"},{"taxonomy":"product_tag","embeddable":true,"href":"https:\/\/legna.com.mx\/index.php\/wp-json\/wp\/v2\/product_tag?post=1203"}],"curies":[{"name":"wp","href":"https:\/\/api.w.org\/{rel}","templated":true}]}}