{"id":1161,"date":"2021-09-02T16:37:39","date_gmt":"2021-09-02T16:37:39","guid":{"rendered":"https:\/\/legna.com.mx\/?post_type=product&#038;p=1161"},"modified":"2021-09-08T22:32:35","modified_gmt":"2021-09-08T22:32:35","slug":"tork-premium-jabon-liquido-suave-para-manos","status":"publish","type":"product","link":"https:\/\/legna.com.mx\/index.php\/product\/tork-premium-jabon-liquido-suave-para-manos\/","title":{"rendered":"TORK Premium Jab\u00f3n L\u00edquido Suave para Manos."},"content":{"rendered":"<p>El Jab\u00f3n L\u00edquido Suave<strong> calidad Premium<\/strong> color Perla contiene <strong>ingredientes hidratantes y una fragancia agradable<\/strong> para un lavado de manos suave,<strong> ideal para cualquier tipo de piel.<\/strong> Dispensa 1 ml por cada servicio,<strong> hasta 1,000 servicios por botella.<\/strong> Ideal para lugares donde se busca tener una experiencia superior.<\/p>\n","protected":false},"excerpt":{"rendered":"<p><strong>Marca<\/strong>: TORK<\/p>\n<p><strong>Estilo<\/strong>: L\u00edquido.<\/p>\n<p><strong>Color<\/strong>: Blanco perla.<\/p>\n<p><strong>C\u00f3digo compatible<\/strong>:<\/p>\n<p>560000 TORK Despachador Jab\u00f3n Liquido\/Spray Manual.<\/p>\n","protected":false},"featured_media":1242,"comment_status":"open","ping_status":"closed","template":"","meta":{"site-sidebar-layout":"default","site-content-layout":"default","ast-main-header-display":"","ast-hfb-above-header-display":"","ast-hfb-below-header-display":"","ast-hfb-mobile-header-display":"","site-post-title":"","ast-breadcrumbs-content":"","ast-featured-img":"","footer-sml-layout":"","theme-transparent-header-meta":"default","adv-header-id-meta":"","stick-header-meta":"default","header-above-stick-meta":"","header-main-stick-meta":"","header-below-stick-meta":""},"product_cat":[27],"product_tag":[],"class_list":["post-1161","product","type-product","status-publish","has-post-thumbnail","hentry","product_cat-higienicos","align-left","box-shadow-0","box-shadow-0-hover","ast-product-gallery-layout-horizontal","ast-product-gallery-with-no-image","ast-product-tabs-layout-horizontal"],"_links":{"self":[{"href":"https:\/\/legna.com.mx\/index.php\/wp-json\/wp\/v2\/product\/1161","targetHints":{"allow":["GET"]}}],"collection":[{"href":"https:\/\/legna.com.mx\/index.php\/wp-json\/wp\/v2\/product"}],"about":[{"href":"https:\/\/legna.com.mx\/index.php\/wp-json\/wp\/v2\/types\/product"}],"replies":[{"embeddable":true,"href":"https:\/\/legna.com.mx\/index.php\/wp-json\/wp\/v2\/comments?post=1161"}],"wp:featuredmedia":[{"embeddable":true,"href":"https:\/\/legna.com.mx\/index.php\/wp-json\/wp\/v2\/media\/1242"}],"wp:attachment":[{"href":"https:\/\/legna.com.mx\/index.php\/wp-json\/wp\/v2\/media?parent=1161"}],"wp:term":[{"taxonomy":"product_cat","embeddable":true,"href":"https:\/\/legna.com.mx\/index.php\/wp-json\/wp\/v2\/product_cat?post=1161"},{"taxonomy":"product_tag","embeddable":true,"href":"https:\/\/legna.com.mx\/index.php\/wp-json\/wp\/v2\/product_tag?post=1161"}],"curies":[{"name":"wp","href":"https:\/\/api.w.org\/{rel}","templated":true}]}}