{"id":1134,"date":"2021-09-01T17:42:28","date_gmt":"2021-09-01T17:42:28","guid":{"rendered":"https:\/\/legna.com.mx\/?post_type=product&#038;p=1134"},"modified":"2021-09-01T17:52:00","modified_gmt":"2021-09-01T17:52:00","slug":"tork-advanced-toalla-interdoblada-hoja-doble","status":"publish","type":"product","link":"https:\/\/legna.com.mx\/index.php\/product\/tork-advanced-toalla-interdoblada-hoja-doble\/","title":{"rendered":"TORK Advanced Toalla Interdoblada, hoja doble."},"content":{"rendered":"<p>Las toallas interdobladas calidad Advanced ofrecen una<strong> calidad superior a las universales<\/strong>. Su <strong>hoja doble<\/strong> permite usar menos toallas para secar las manos, <strong>minimizando costos, tiempo y esfuerzo de mantenimiento,<\/strong> as\u00ed como contribuyendo al medio ambiente. Ideal para ba\u00f1os de mediano o bajo tr\u00e1fico.<\/p>\n","protected":false},"excerpt":{"rendered":"<p><strong>Marca<\/strong>: TORK<\/p>\n<p><strong>Estilo<\/strong>: Hoja doble.<\/p>\n<p><strong>Color<\/strong>: Blanco<\/p>\n<p><strong>C\u00f3digos compatibles<\/strong>:<\/p>\n<p>552100 TORK Despachador Toalla Interdoblada Mini, Blanco.<\/p>\n<p>552108 TORK Despachador Toalla Interdoblada Mini, Negro.<\/p>\n<p>552000 TORK Despachador Toalla Interdoblada Maxi, Blanco.<\/p>\n<p>552008 TORK Despachador Toalla Interdoblada Maxi, Negro.<\/p>\n<p>&nbsp;<\/p>\n","protected":false},"featured_media":1135,"comment_status":"open","ping_status":"closed","template":"","meta":{"site-sidebar-layout":"default","site-content-layout":"default","ast-main-header-display":"","ast-hfb-above-header-display":"","ast-hfb-below-header-display":"","ast-hfb-mobile-header-display":"","site-post-title":"","ast-breadcrumbs-content":"","ast-featured-img":"","footer-sml-layout":"","theme-transparent-header-meta":"default","adv-header-id-meta":"","stick-header-meta":"default","header-above-stick-meta":"","header-main-stick-meta":"","header-below-stick-meta":""},"product_cat":[27],"product_tag":[],"class_list":["post-1134","product","type-product","status-publish","has-post-thumbnail","hentry","product_cat-higienicos","align-left","box-shadow-0","box-shadow-0-hover","ast-product-gallery-layout-horizontal","ast-product-gallery-with-no-image","ast-product-tabs-layout-horizontal"],"_links":{"self":[{"href":"https:\/\/legna.com.mx\/index.php\/wp-json\/wp\/v2\/product\/1134","targetHints":{"allow":["GET"]}}],"collection":[{"href":"https:\/\/legna.com.mx\/index.php\/wp-json\/wp\/v2\/product"}],"about":[{"href":"https:\/\/legna.com.mx\/index.php\/wp-json\/wp\/v2\/types\/product"}],"replies":[{"embeddable":true,"href":"https:\/\/legna.com.mx\/index.php\/wp-json\/wp\/v2\/comments?post=1134"}],"wp:featuredmedia":[{"embeddable":true,"href":"https:\/\/legna.com.mx\/index.php\/wp-json\/wp\/v2\/media\/1135"}],"wp:attachment":[{"href":"https:\/\/legna.com.mx\/index.php\/wp-json\/wp\/v2\/media?parent=1134"}],"wp:term":[{"taxonomy":"product_cat","embeddable":true,"href":"https:\/\/legna.com.mx\/index.php\/wp-json\/wp\/v2\/product_cat?post=1134"},{"taxonomy":"product_tag","embeddable":true,"href":"https:\/\/legna.com.mx\/index.php\/wp-json\/wp\/v2\/product_tag?post=1134"}],"curies":[{"name":"wp","href":"https:\/\/api.w.org\/{rel}","templated":true}]}}