{"id":1112,"date":"2021-08-31T16:42:28","date_gmt":"2021-08-31T16:42:28","guid":{"rendered":"https:\/\/legna.com.mx\/?post_type=product&#038;p=1112"},"modified":"2021-09-01T21:27:05","modified_gmt":"2021-09-01T21:27:05","slug":"tork-universal-toalla-interdoblada-hoja-doble","status":"publish","type":"product","link":"https:\/\/legna.com.mx\/index.php\/product\/tork-universal-toalla-interdoblada-hoja-doble\/","title":{"rendered":"TORK Universal Toalla Interdoblada, Hoja Doble."},"content":{"rendered":"<p>Las Toallas Interdobladas Tork <strong>est\u00e1ndar universal de hoja doble<\/strong> ofrecen una soluci\u00f3n para las necesidades b\u00e1sicas del secado de manos en ba\u00f1os de bajo a mediano tr\u00e1fico. <strong>Compatible con cualquier dispensador est\u00e1ndar del mercado.<\/strong><\/p>\n","protected":false},"excerpt":{"rendered":"<p><strong>Marca<\/strong>: TORK<\/p>\n<p><strong>Estilo<\/strong>: Interdoblada, hoja doble.<\/p>\n<p><strong>Color<\/strong>: Blanco<\/p>\n<p><strong>C\u00f3digo compatible<\/strong>: Cualquier dispensador del mercado.<\/p>\n","protected":false},"featured_media":1155,"comment_status":"open","ping_status":"closed","template":"","meta":{"site-sidebar-layout":"default","site-content-layout":"default","ast-main-header-display":"","ast-hfb-above-header-display":"","ast-hfb-below-header-display":"","ast-hfb-mobile-header-display":"","site-post-title":"","ast-breadcrumbs-content":"","ast-featured-img":"","footer-sml-layout":"","theme-transparent-header-meta":"default","adv-header-id-meta":"","stick-header-meta":"default","header-above-stick-meta":"","header-main-stick-meta":"","header-below-stick-meta":""},"product_cat":[27],"product_tag":[],"class_list":["post-1112","product","type-product","status-publish","has-post-thumbnail","hentry","product_cat-higienicos","align-left","box-shadow-0","box-shadow-0-hover","ast-product-gallery-layout-horizontal","ast-product-gallery-with-no-image","ast-product-tabs-layout-horizontal"],"_links":{"self":[{"href":"https:\/\/legna.com.mx\/index.php\/wp-json\/wp\/v2\/product\/1112","targetHints":{"allow":["GET"]}}],"collection":[{"href":"https:\/\/legna.com.mx\/index.php\/wp-json\/wp\/v2\/product"}],"about":[{"href":"https:\/\/legna.com.mx\/index.php\/wp-json\/wp\/v2\/types\/product"}],"replies":[{"embeddable":true,"href":"https:\/\/legna.com.mx\/index.php\/wp-json\/wp\/v2\/comments?post=1112"}],"wp:featuredmedia":[{"embeddable":true,"href":"https:\/\/legna.com.mx\/index.php\/wp-json\/wp\/v2\/media\/1155"}],"wp:attachment":[{"href":"https:\/\/legna.com.mx\/index.php\/wp-json\/wp\/v2\/media?parent=1112"}],"wp:term":[{"taxonomy":"product_cat","embeddable":true,"href":"https:\/\/legna.com.mx\/index.php\/wp-json\/wp\/v2\/product_cat?post=1112"},{"taxonomy":"product_tag","embeddable":true,"href":"https:\/\/legna.com.mx\/index.php\/wp-json\/wp\/v2\/product_tag?post=1112"}],"curies":[{"name":"wp","href":"https:\/\/api.w.org\/{rel}","templated":true}]}}