{"id":1090,"date":"2021-08-20T23:48:01","date_gmt":"2021-08-20T23:48:01","guid":{"rendered":"https:\/\/legna.com.mx\/?post_type=product&#038;p=1090"},"modified":"2021-08-20T23:48:01","modified_gmt":"2021-08-20T23:48:01","slug":"despachador-de-toalla-en-rollo-electronico","status":"publish","type":"product","link":"https:\/\/legna.com.mx\/index.php\/product\/despachador-de-toalla-en-rollo-electronico\/","title":{"rendered":"Despachador de Toalla en rollo electr\u00f3nico."},"content":{"rendered":"<table width=\"454\">\n<tbody>\n<tr>\n<td width=\"454\">El dispensador Matic\u00ae Toalla en rollo con <strong>sensor<\/strong> Intuition&#x2122; de la l\u00ednea Elevation es <strong>ideal para ba\u00f1os de alto tr\u00e1fico que buscan altas condiciones de higiene, evitando la contaminaci\u00f3n cruzada.<\/strong> Cuenta con dise\u00f1o moderno y funcional para causar una buena impresi\u00f3n a sus clientes.<\/td>\n<\/tr>\n<\/tbody>\n<\/table>\n","protected":false},"excerpt":{"rendered":"<p><strong>Marca<\/strong>: TORK<\/p>\n<p><strong>Estilo<\/strong>: Autom\u00e1tico, sensor.<\/p>\n<p><strong>Color<\/strong>: Negro<\/p>\n<p><strong>Consumible:\u00a0<\/strong>700173 Toalla en rollo TORK Adv, 6s, 180m.<\/p>\n","protected":false},"featured_media":1091,"comment_status":"open","ping_status":"closed","template":"","meta":{"site-sidebar-layout":"default","site-content-layout":"default","ast-main-header-display":"","ast-hfb-above-header-display":"","ast-hfb-below-header-display":"","ast-hfb-mobile-header-display":"","site-post-title":"","ast-breadcrumbs-content":"","ast-featured-img":"","footer-sml-layout":"","theme-transparent-header-meta":"default","adv-header-id-meta":"","stick-header-meta":"default","header-above-stick-meta":"","header-main-stick-meta":"","header-below-stick-meta":""},"product_cat":[25],"product_tag":[],"class_list":["post-1090","product","type-product","status-publish","has-post-thumbnail","hentry","product_cat-jabonera","align-left","box-shadow-0","box-shadow-0-hover","ast-product-gallery-layout-horizontal","ast-product-gallery-with-no-image","ast-product-tabs-layout-horizontal"],"_links":{"self":[{"href":"https:\/\/legna.com.mx\/index.php\/wp-json\/wp\/v2\/product\/1090","targetHints":{"allow":["GET"]}}],"collection":[{"href":"https:\/\/legna.com.mx\/index.php\/wp-json\/wp\/v2\/product"}],"about":[{"href":"https:\/\/legna.com.mx\/index.php\/wp-json\/wp\/v2\/types\/product"}],"replies":[{"embeddable":true,"href":"https:\/\/legna.com.mx\/index.php\/wp-json\/wp\/v2\/comments?post=1090"}],"wp:featuredmedia":[{"embeddable":true,"href":"https:\/\/legna.com.mx\/index.php\/wp-json\/wp\/v2\/media\/1091"}],"wp:attachment":[{"href":"https:\/\/legna.com.mx\/index.php\/wp-json\/wp\/v2\/media?parent=1090"}],"wp:term":[{"taxonomy":"product_cat","embeddable":true,"href":"https:\/\/legna.com.mx\/index.php\/wp-json\/wp\/v2\/product_cat?post=1090"},{"taxonomy":"product_tag","embeddable":true,"href":"https:\/\/legna.com.mx\/index.php\/wp-json\/wp\/v2\/product_tag?post=1090"}],"curies":[{"name":"wp","href":"https:\/\/api.w.org\/{rel}","templated":true}]}}