{"id":1073,"date":"2021-08-20T14:18:52","date_gmt":"2021-08-20T14:18:52","guid":{"rendered":"https:\/\/legna.com.mx\/?post_type=product&#038;p=1073"},"modified":"2021-08-20T14:18:52","modified_gmt":"2021-08-20T14:18:52","slug":"despachador-higienico-en-bobina-mini-j","status":"publish","type":"product","link":"https:\/\/legna.com.mx\/index.php\/product\/despachador-higienico-en-bobina-mini-j\/","title":{"rendered":"Despachador Higi\u00e9nico en Bobina Mini J"},"content":{"rendered":"<table width=\"454\">\n<tbody>\n<tr>\n<td width=\"454\">Es ideal para ba\u00f1os con tr\u00e1nsito moderado a intenso. <strong>Cuenta con freno que impide el mal uso del papel higi\u00e9nico, reduciendo el consumo.<\/strong> La ventana transparente permite ver cuando es necesario reponer el papel.<\/td>\n<\/tr>\n<\/tbody>\n<\/table>\n","protected":false},"excerpt":{"rendered":"<p><strong>Marca<\/strong>: Tork<\/p>\n<p><strong>Estilo<\/strong>: Mini, manual.<\/p>\n<p><strong>Color<\/strong>: Blanco<\/p>\n","protected":false},"featured_media":1074,"comment_status":"open","ping_status":"closed","template":"","meta":{"site-sidebar-layout":"default","site-content-layout":"default","ast-main-header-display":"","ast-hfb-above-header-display":"","ast-hfb-below-header-display":"","ast-hfb-mobile-header-display":"","site-post-title":"","ast-breadcrumbs-content":"","ast-featured-img":"","footer-sml-layout":"","theme-transparent-header-meta":"default","adv-header-id-meta":"","stick-header-meta":"default","header-above-stick-meta":"","header-main-stick-meta":"","header-below-stick-meta":""},"product_cat":[25],"product_tag":[],"class_list":["post-1073","product","type-product","status-publish","has-post-thumbnail","hentry","product_cat-jabonera","align-left","box-shadow-0","box-shadow-0-hover","ast-product-gallery-layout-horizontal","ast-product-gallery-with-no-image","ast-product-tabs-layout-horizontal"],"_links":{"self":[{"href":"https:\/\/legna.com.mx\/index.php\/wp-json\/wp\/v2\/product\/1073","targetHints":{"allow":["GET"]}}],"collection":[{"href":"https:\/\/legna.com.mx\/index.php\/wp-json\/wp\/v2\/product"}],"about":[{"href":"https:\/\/legna.com.mx\/index.php\/wp-json\/wp\/v2\/types\/product"}],"replies":[{"embeddable":true,"href":"https:\/\/legna.com.mx\/index.php\/wp-json\/wp\/v2\/comments?post=1073"}],"wp:featuredmedia":[{"embeddable":true,"href":"https:\/\/legna.com.mx\/index.php\/wp-json\/wp\/v2\/media\/1074"}],"wp:attachment":[{"href":"https:\/\/legna.com.mx\/index.php\/wp-json\/wp\/v2\/media?parent=1073"}],"wp:term":[{"taxonomy":"product_cat","embeddable":true,"href":"https:\/\/legna.com.mx\/index.php\/wp-json\/wp\/v2\/product_cat?post=1073"},{"taxonomy":"product_tag","embeddable":true,"href":"https:\/\/legna.com.mx\/index.php\/wp-json\/wp\/v2\/product_tag?post=1073"}],"curies":[{"name":"wp","href":"https:\/\/api.w.org\/{rel}","templated":true}]}}