{"id":1060,"date":"2021-08-19T22:31:35","date_gmt":"2021-08-19T22:31:35","guid":{"rendered":"https:\/\/legna.com.mx\/?post_type=product&#038;p=1060"},"modified":"2021-08-31T15:04:34","modified_gmt":"2021-08-31T15:04:34","slug":"dispensador-mini-para-toalla-de-mano-entreplegada","status":"publish","type":"product","link":"https:\/\/legna.com.mx\/index.php\/product\/dispensador-mini-para-toalla-de-mano-entreplegada\/","title":{"rendered":"Dispensador Toalla Interdoblada Mini."},"content":{"rendered":"<table width=\"454\">\n<tbody>\n<tr>\n<td width=\"454\">Este dispensador es <strong>ideal para \u00e1reas con poco tr\u00e1nsito y espacios peque\u00f1os<\/strong>. Cuenta con un dise\u00f1o extra delgado y es f\u00e1cil de rellenar.<\/td>\n<\/tr>\n<\/tbody>\n<\/table>\n","protected":false},"excerpt":{"rendered":"<p><strong>Marca<\/strong>: TORK<\/p>\n<p><strong>Estilo<\/strong>: Manual<\/p>\n<p><strong>Color<\/strong>: Blanco<\/p>\n<p><strong>Consumible<\/strong>:<\/p>\n<p>700162 TORK Universal Toalla Interdoblada, Blanca.<\/p>\n<p>700163 TORK Universal Toalla Interdoblada Ecol\u00f3gica, Kraft.<\/p>\n<p>702589 TORK Universal Toalla Interdoblada, Blanca.<\/p>\n","protected":false},"featured_media":1061,"comment_status":"open","ping_status":"closed","template":"","meta":{"site-sidebar-layout":"default","site-content-layout":"default","ast-main-header-display":"","ast-hfb-above-header-display":"","ast-hfb-below-header-display":"","ast-hfb-mobile-header-display":"","site-post-title":"","ast-breadcrumbs-content":"","ast-featured-img":"","footer-sml-layout":"","theme-transparent-header-meta":"default","adv-header-id-meta":"","stick-header-meta":"default","header-above-stick-meta":"","header-main-stick-meta":"","header-below-stick-meta":""},"product_cat":[25],"product_tag":[],"class_list":["post-1060","product","type-product","status-publish","has-post-thumbnail","hentry","product_cat-jabonera","align-left","box-shadow-0","box-shadow-0-hover","ast-product-gallery-layout-horizontal","ast-product-gallery-with-no-image","ast-product-tabs-layout-horizontal"],"_links":{"self":[{"href":"https:\/\/legna.com.mx\/index.php\/wp-json\/wp\/v2\/product\/1060","targetHints":{"allow":["GET"]}}],"collection":[{"href":"https:\/\/legna.com.mx\/index.php\/wp-json\/wp\/v2\/product"}],"about":[{"href":"https:\/\/legna.com.mx\/index.php\/wp-json\/wp\/v2\/types\/product"}],"replies":[{"embeddable":true,"href":"https:\/\/legna.com.mx\/index.php\/wp-json\/wp\/v2\/comments?post=1060"}],"wp:featuredmedia":[{"embeddable":true,"href":"https:\/\/legna.com.mx\/index.php\/wp-json\/wp\/v2\/media\/1061"}],"wp:attachment":[{"href":"https:\/\/legna.com.mx\/index.php\/wp-json\/wp\/v2\/media?parent=1060"}],"wp:term":[{"taxonomy":"product_cat","embeddable":true,"href":"https:\/\/legna.com.mx\/index.php\/wp-json\/wp\/v2\/product_cat?post=1060"},{"taxonomy":"product_tag","embeddable":true,"href":"https:\/\/legna.com.mx\/index.php\/wp-json\/wp\/v2\/product_tag?post=1060"}],"curies":[{"name":"wp","href":"https:\/\/api.w.org\/{rel}","templated":true}]}}