{"id":1043,"date":"2021-08-19T16:57:27","date_gmt":"2021-08-19T16:57:27","guid":{"rendered":"https:\/\/legna.com.mx\/?post_type=product&#038;p=1043"},"modified":"2021-08-30T15:50:47","modified_gmt":"2021-08-30T15:50:47","slug":"dispensador-manual-de-toallas-de-mano-en-rollo","status":"publish","type":"product","link":"https:\/\/legna.com.mx\/index.php\/product\/dispensador-manual-de-toallas-de-mano-en-rollo\/","title":{"rendered":"Despachador Toalla en Rollo Matic Blanco"},"content":{"rendered":"<table width=\"454\">\n<tbody>\n<tr>\n<td width=\"454\">El dispensador manual de toallas de mano de la marca Tork <strong>reduce el consumo<\/strong> de toallas por lo que ofrece <strong>rendimiento fiable e higiene a sus clientes,<\/strong> ya que solo toman la toalla que utilizar\u00e1n. De f\u00e1cil mantenimiento y un <strong>dise\u00f1o moderno<\/strong> que causar\u00e1 buena impresi\u00f3n a sus clientes.<\/td>\n<\/tr>\n<\/tbody>\n<\/table>\n","protected":false},"excerpt":{"rendered":"<p><strong>Marca<\/strong>: Tork<\/p>\n<p><strong>Estilo<\/strong>: Manual<\/p>\n<p><strong>Color<\/strong>: Blanco<\/p>\n<p><strong>Consumible<\/strong>:<\/p>\n<p>700173 TORK Advanced Toalla en Rollo, hoja doble.<\/p>\n<p>700166 TORK Advanced Toalla en Rollo, hoja sencilla.<\/p>\n<p>&nbsp;<\/p>\n","protected":false},"featured_media":1045,"comment_status":"open","ping_status":"closed","template":"","meta":{"site-sidebar-layout":"default","site-content-layout":"default","ast-main-header-display":"","ast-hfb-above-header-display":"","ast-hfb-below-header-display":"","ast-hfb-mobile-header-display":"","site-post-title":"","ast-breadcrumbs-content":"","ast-featured-img":"","footer-sml-layout":"","theme-transparent-header-meta":"default","adv-header-id-meta":"","stick-header-meta":"default","header-above-stick-meta":"","header-main-stick-meta":"","header-below-stick-meta":""},"product_cat":[25],"product_tag":[],"class_list":["post-1043","product","type-product","status-publish","has-post-thumbnail","hentry","product_cat-jabonera","align-left","box-shadow-0","box-shadow-0-hover","ast-product-gallery-layout-horizontal","ast-product-gallery-with-no-image","ast-product-tabs-layout-horizontal"],"_links":{"self":[{"href":"https:\/\/legna.com.mx\/index.php\/wp-json\/wp\/v2\/product\/1043","targetHints":{"allow":["GET"]}}],"collection":[{"href":"https:\/\/legna.com.mx\/index.php\/wp-json\/wp\/v2\/product"}],"about":[{"href":"https:\/\/legna.com.mx\/index.php\/wp-json\/wp\/v2\/types\/product"}],"replies":[{"embeddable":true,"href":"https:\/\/legna.com.mx\/index.php\/wp-json\/wp\/v2\/comments?post=1043"}],"wp:featuredmedia":[{"embeddable":true,"href":"https:\/\/legna.com.mx\/index.php\/wp-json\/wp\/v2\/media\/1045"}],"wp:attachment":[{"href":"https:\/\/legna.com.mx\/index.php\/wp-json\/wp\/v2\/media?parent=1043"}],"wp:term":[{"taxonomy":"product_cat","embeddable":true,"href":"https:\/\/legna.com.mx\/index.php\/wp-json\/wp\/v2\/product_cat?post=1043"},{"taxonomy":"product_tag","embeddable":true,"href":"https:\/\/legna.com.mx\/index.php\/wp-json\/wp\/v2\/product_tag?post=1043"}],"curies":[{"name":"wp","href":"https:\/\/api.w.org\/{rel}","templated":true}]}}