{"id":1036,"date":"2021-07-30T17:49:25","date_gmt":"2021-07-30T17:49:25","guid":{"rendered":"https:\/\/legna.com.mx\/?post_type=product&#038;p=1036"},"modified":"2021-08-30T21:53:31","modified_gmt":"2021-08-30T21:53:31","slug":"dispensador-de-toalla-de-mano-en-rollo-con-sensor","status":"publish","type":"product","link":"https:\/\/legna.com.mx\/index.php\/product\/dispensador-de-toalla-de-mano-en-rollo-con-sensor\/","title":{"rendered":"Dispensador de toalla de mano en rollo con sensor"},"content":{"rendered":"<p>El dispensador de toallas de mano Tork Matic\u00ae con sensor Intuition es de <strong>f\u00e1cil mantenimiento,<\/strong> cuenta con <strong>indicador LED<\/strong> que enciende cuando el nivel de toallas est\u00e1 bajo. Se puede ajustar al tama\u00f1o de la toalla y dispensaci\u00f3n individual que ayuda a <strong>reducir el consumo<\/strong>, as\u00ed como <strong>aumentar el nivel de higiene.<\/strong><\/p>\n","protected":false},"excerpt":{"rendered":"<p><strong>Marca<\/strong>: TORK<\/p>\n<p><strong>Estilo<\/strong>: Autom\u00e1tico\/ Sensor.<\/p>\n<p><strong>Color<\/strong>: Blanco<\/p>\n<p><strong>Consumible<\/strong>:<\/p>\n<p>700166 TORK Advanced Toalla en Rollo 6s 180m Ecol\u00f3gico.<\/p>\n<p>700173 TORK Advance Toalla en Rollo 6s 180m.<\/p>\n","protected":false},"featured_media":1038,"comment_status":"open","ping_status":"closed","template":"","meta":{"site-sidebar-layout":"default","site-content-layout":"default","ast-main-header-display":"","ast-hfb-above-header-display":"","ast-hfb-below-header-display":"","ast-hfb-mobile-header-display":"","site-post-title":"","ast-breadcrumbs-content":"","ast-featured-img":"","footer-sml-layout":"","theme-transparent-header-meta":"default","adv-header-id-meta":"","stick-header-meta":"default","header-above-stick-meta":"","header-main-stick-meta":"","header-below-stick-meta":""},"product_cat":[25],"product_tag":[33,32,31],"class_list":["post-1036","product","type-product","status-publish","has-post-thumbnail","hentry","product_cat-jabonera","product_tag-despachador","product_tag-dispensador","product_tag-toallero","align-left","box-shadow-0","box-shadow-0-hover","ast-product-gallery-layout-horizontal","ast-product-gallery-with-no-image","ast-product-tabs-layout-horizontal"],"_links":{"self":[{"href":"https:\/\/legna.com.mx\/index.php\/wp-json\/wp\/v2\/product\/1036","targetHints":{"allow":["GET"]}}],"collection":[{"href":"https:\/\/legna.com.mx\/index.php\/wp-json\/wp\/v2\/product"}],"about":[{"href":"https:\/\/legna.com.mx\/index.php\/wp-json\/wp\/v2\/types\/product"}],"replies":[{"embeddable":true,"href":"https:\/\/legna.com.mx\/index.php\/wp-json\/wp\/v2\/comments?post=1036"}],"wp:featuredmedia":[{"embeddable":true,"href":"https:\/\/legna.com.mx\/index.php\/wp-json\/wp\/v2\/media\/1038"}],"wp:attachment":[{"href":"https:\/\/legna.com.mx\/index.php\/wp-json\/wp\/v2\/media?parent=1036"}],"wp:term":[{"taxonomy":"product_cat","embeddable":true,"href":"https:\/\/legna.com.mx\/index.php\/wp-json\/wp\/v2\/product_cat?post=1036"},{"taxonomy":"product_tag","embeddable":true,"href":"https:\/\/legna.com.mx\/index.php\/wp-json\/wp\/v2\/product_tag?post=1036"}],"curies":[{"name":"wp","href":"https:\/\/api.w.org\/{rel}","templated":true}]}}